{"id":136,"date":"2005-10-17T17:18:04","date_gmt":"2005-10-17T16:18:04","guid":{"rendered":"http:\/\/www.dieagentur-gmbh.de\/index.php\/impressum\/"},"modified":"2022-08-02T15:41:32","modified_gmt":"2022-08-02T13:41:32","slug":"impressum","status":"publish","type":"page","link":"https:\/\/www.dieagentur-gmbh.de\/index.php\/impressum\/","title":{"rendered":"Impressum"},"content":{"rendered":"\t\t<div data-elementor-type=\"wp-page\" data-elementor-id=\"136\" class=\"elementor elementor-136\">\n\t\t\t\t\t\t<section class=\"elementor-section elementor-top-section elementor-element elementor-element-2f585263 elementor-section-boxed elementor-section-height-default elementor-section-height-default\" data-id=\"2f585263\" data-element_type=\"section\">\n\t\t\t\t\t\t<div class=\"elementor-container elementor-column-gap-default\">\n\t\t\t\t\t<div class=\"elementor-column elementor-col-100 elementor-top-column elementor-element elementor-element-91b6606\" data-id=\"91b6606\" data-element_type=\"column\">\n\t\t\t<div class=\"elementor-widget-wrap elementor-element-populated\">\n\t\t\t\t\t\t<div class=\"elementor-element elementor-element-4caea510 elementor-widget elementor-widget-text-editor\" data-id=\"4caea510\" data-element_type=\"widget\" data-widget_type=\"text-editor.default\">\n\t\t\t\t<div class=\"elementor-widget-container\">\n\t\t\t\t\t\t\t<p>Angaben gem\u00e4\u00df \u00a7 5 TMG<\/p>\n<p>Die Agentur Anke L\u00fctkenhorst GmbH<br>Hohenstaufenring 53, 50674 K\u00f6ln<\/p>\n<p>Handelsregister: HRB 337 89<br>Registergericht: Amtsgericht K\u00f6ln<\/p>\n<p>Vertreten durch: Anke Corrigan<\/p>\n<p>Kontakt<br>e-Mail: kontakt@dieagentur-gmbh.de<br>Telefon: +49 221 952 9080<\/p>\n<p>Umsatzsteuer-ID DE209396535<\/p>\n<p><a href=\"https:\/\/www.dieagentur-gmbh.de\/index.php\/datenschutzerklaerung\/\">Datenschutzerkl\u00e4rung<\/a><\/p>\t\t\t\t\t\t<\/div>\n\t\t\t\t<\/div>\n\t\t\t\t\t<\/div>\n\t\t<\/div>\n\t\t\t\t\t<\/div>\n\t\t<\/section>\n\t\t\t\t<\/div>\n\t\t","protected":false},"excerpt":{"rendered":"<p>Angaben gem\u00e4\u00df \u00a7 5 TMG Die Agentur Anke L\u00fctkenhorst GmbHHohenstaufenring 53, 50674 K\u00f6ln Handelsregister: HRB 337 89Registergericht: Amtsgericht K\u00f6ln Vertreten durch: Anke Corrigan Kontakte-Mail: kontakt@dieagentur-gmbh.deTelefon:&hellip;<\/p>\n","protected":false},"author":1,"featured_media":0,"parent":0,"menu_order":0,"comment_status":"closed","ping_status":"closed","template":"","meta":{"footnotes":""},"class_list":["post-136","page","type-page","status-publish","hentry"],"_links":{"self":[{"href":"https:\/\/www.dieagentur-gmbh.de\/index.php\/wp-json\/wp\/v2\/pages\/136","targetHints":{"allow":["GET"]}}],"collection":[{"href":"https:\/\/www.dieagentur-gmbh.de\/index.php\/wp-json\/wp\/v2\/pages"}],"about":[{"href":"https:\/\/www.dieagentur-gmbh.de\/index.php\/wp-json\/wp\/v2\/types\/page"}],"author":[{"embeddable":true,"href":"https:\/\/www.dieagentur-gmbh.de\/index.php\/wp-json\/wp\/v2\/users\/1"}],"replies":[{"embeddable":true,"href":"https:\/\/www.dieagentur-gmbh.de\/index.php\/wp-json\/wp\/v2\/comments?post=136"}],"version-history":[{"count":30,"href":"https:\/\/www.dieagentur-gmbh.de\/index.php\/wp-json\/wp\/v2\/pages\/136\/revisions"}],"predecessor-version":[{"id":3873,"href":"https:\/\/www.dieagentur-gmbh.de\/index.php\/wp-json\/wp\/v2\/pages\/136\/revisions\/3873"}],"wp:attachment":[{"href":"https:\/\/www.dieagentur-gmbh.de\/index.php\/wp-json\/wp\/v2\/media?parent=136"}],"curies":[{"name":"wp","href":"https:\/\/api.w.org\/{rel}","templated":true}]}}